{"id":16,"date":"2019-12-05T23:31:41","date_gmt":"2019-12-05T23:31:41","guid":{"rendered":"https:\/\/oacpcertificate.ca\/?page_id=16"},"modified":"2026-04-08T20:36:02","modified_gmt":"2026-04-08T20:36:02","slug":"constable-selection-process-checklist","status":"publish","type":"page","link":"https:\/\/oacpcertificate.ca\/fr\/constable-selection-process-checklist\/","title":{"rendered":"Constable Selection Process\/Checklist"},"content":{"rendered":"<h2>\n\t\t\tConstable Selection System and Forms\n\t\t<\/h2>\n\t\t<h2>\n\t\t\tConstable Selection System\n\t\t<\/h2>\n\t\t\t<p>This page is a quick outline of the standardized Constable Selection System. The chart presented is a clear outline of what application processes look like when you apply to a police service. Please note, some police services may have different steps included in this process. Be sure to check with your chosen police service to confirm that you are aware of and prepared for the necessary steps ahead.For more information, please view the Policing in Ontario document below.<\/p>\t\t\n\t<a href=\"https:\/\/oacpcertificate.ca\/wp-content\/uploads\/2020\/08\/Policing-in-Ontario-2020.pdf\" target=\"_blank\" role=\"button\" rel=\"noopener\" aria-label=\"Policing in Ontario\">\n\t\t\t\t\t\tPolicing in Ontario\n\t\t\t<\/a>\n\t\t<h2>\n\t\t\tForms\n\t\t<\/h2>\n\t\t<h2>\n\t\t\tPlease select the document you require below:\n\t\t<\/h2>\n\t<ul>\n\t\t<li><p>In the event you lose an important form or just want to be prepared for the steps ahead, please see below for all the forms provided in the Part A Package.<strong>\u00a0To download the documents below, simply click the button, then select &#8220;save&#8221; or &#8220;download&#8221; in the top right corner of the computer screen. If you require assistance or are unable to download any of the forms below, please contact Support@oacpcertificate.ca and we would be happy to provide you with the form you require.<\/strong><\/p><\/li>\t<\/ul>\n<h2>\n\t\tForms\n\t<\/h2>\n\t\t\t<a href=\"https:\/\/oacpcertificate.ca\/wp-content\/uploads\/2020\/07\/OACP-Fitness-Log-Fillable.pdf\" target=\"_self\">\n\t\t\t\t\t\t\tFitness Log\n\t\t\t\t\t<\/a>\n\t\t\t<a href=\"https:\/\/oacpcertificate.ca\/wp-content\/uploads\/2020\/07\/Daily-Fitness-Journal-Fillable.pdf\" target=\"_self\">\n\t\t\t\t\t\t\tDaily Fitness Journal \n\t\t\t\t\t<\/a>\n\t\t\t<a href=\"https:\/\/oacpcertificate.ca\/wp-content\/uploads\/2024\/01\/OACP-Medical-Examination-Package-2023.pdf\" target=\"_blank\" rel=\"noopener\">\n\t\t\t\t\t\t\tMedical Examination Package\n\t\t\t\t\t<\/a>\n\t\t\t<a href=\"https:\/\/oacpcertificate.ca\/wp-content\/uploads\/2024\/05\/Police-Officer-Application-Form.pdf\" target=\"_blank\" rel=\"noopener\">\n\t\t\t\t\t\t\tPolice Officer Application Form\n\t\t\t\t\t<\/a>\n\t\t\t<a href=\"https:\/\/oacpcertificate.ca\/wp-content\/uploads\/2019\/12\/OACP-Fitness-Log-Guide.pdf\" target=\"_self\">\n\t\t\t\t\t\t\tFitness Log and Daily Journal Guide\n\t\t\t\t\t<\/a>\n\t\t\t<a href=\"https:\/\/oacpcertificate.ca\/wp-content\/uploads\/2024\/03\/Night-Vision-Optometrists-2024-in-Ontario.pdf\" target=\"_blank\" rel=\"noopener\">\n\t\t\t\t\t\t\tNight Vision Optometry Clinics in Ontario\n\t\t\t\t\t<\/a>\n\t\t\t<a href=\"https:\/\/oacpcertificate.ca\/wp-content\/uploads\/2023\/10\/Guidelines-for-Vision-Specialists-August-2023.pdf\" target=\"_self\">\n\t\t\t\t\t\t\tGuidelines for Optometrists\/Ophthalmologists\n\t\t\t\t\t<\/a>\n<h2>\n\t\tResources\n\t<\/h2>\n\t\t\t<a href=\"https:\/\/oacpcertificate.ca\/wp-content\/uploads\/2025\/01\/Part-B-Part-C-Study-Guide-2025.pdf\" target=\"_blank\" rel=\"noopener\">\n\t\t\t\t\t\t\tPart B &#038; Part C Study Guide\n\t\t\t\t\t<\/a>\n\t\t\t<a href=\"https:\/\/oacpcertificate.ca\/wp-content\/uploads\/2026\/04\/Form-Submission-Instructions-2026.pdf\" target=\"_blank\" rel=\"noopener\">\n\t\t\t\t\t\t\tForm Submission Instructions\n\t\t\t\t\t<\/a>\n\t<ul>\n\t\t<li><p>Les formulaires et ressources ci-dessus peuvent \u00eatre fournis en fran\u00e7ais. Veuillez nous envoyer un courriel \u00e0 <a href=\"mailto:support@oacpcertificate.ca\">support@oacpcertificate.ca<\/a> pour obtenir la version fran\u00e7aise.\u00a0<\/p><\/li>\t<\/ul>","protected":false},"excerpt":{"rendered":"<p>Constable Selection System and Forms Constable Selection System This page is a quick outline of the standardized Constable Selection System. The chart presented is a clear outline of what application processes look like when you apply to a police service. Please note, some police services may have different steps included in this process. Be sure&hellip;<\/p>","protected":false},"author":13,"featured_media":0,"parent":0,"menu_order":0,"comment_status":"closed","ping_status":"closed","template":"","meta":{"_coblocks_attr":"","_coblocks_dimensions":"","_coblocks_responsive_height":"","_coblocks_accordion_ie_support":"","_monsterinsights_skip_tracking":false,"_monsterinsights_sitenote_active":false,"_monsterinsights_sitenote_note":"","_monsterinsights_sitenote_category":0,"footnotes":""},"class_list":["post-16","page","type-page","status-publish","hentry"],"yoast_head":"<!-- This site is optimized with the Yoast SEO plugin v27.4 - https:\/\/yoast.com\/product\/yoast-seo-wordpress\/ -->\n<title>Constable Selection Process\/Checklist - OACP Certificate Testing<\/title>\n<meta name=\"description\" content=\"If you are interested in becoming a special constable in the Province of Ontario, OACP Certificate Testing can help you. You may follow our checklist to make sure that your certificate application is completed. If you have questions and inquiries, feel free to reach out to us today.\" \/>\n<meta name=\"robots\" content=\"index, follow, max-snippet:-1, max-image-preview:large, max-video-preview:-1\" \/>\n<link rel=\"canonical\" href=\"https:\/\/oacpcertificate.ca\/fr\/constable-selection-process-checklist\/\" \/>\n<meta property=\"og:locale\" content=\"fr_CA\" \/>\n<meta property=\"og:type\" content=\"article\" \/>\n<meta property=\"og:title\" content=\"Constable Selection Process\/Checklist - OACP Certificate Testing\" \/>\n<meta property=\"og:description\" content=\"If you are interested in becoming a special constable in the Province of Ontario, OACP Certificate Testing can help you. You may follow our checklist to make sure that your certificate application is completed. If you have questions and inquiries, feel free to reach out to us today.\" \/>\n<meta property=\"og:url\" content=\"https:\/\/oacpcertificate.ca\/fr\/constable-selection-process-checklist\/\" \/>\n<meta property=\"og:site_name\" content=\"OACP Certificate Testing\" \/>\n<meta property=\"article:modified_time\" content=\"2026-04-08T20:36:02+00:00\" \/>\n<meta name=\"twitter:card\" content=\"summary_large_image\" \/>\n<meta name=\"twitter:label1\" content=\"Estimation du temps de lecture\" \/>\n\t<meta name=\"twitter:data1\" content=\"2 minutes\" \/>\n<script type=\"application\/ld+json\" class=\"yoast-schema-graph\">{\"@context\":\"https:\\\/\\\/schema.org\",\"@graph\":[{\"@type\":\"WebPage\",\"@id\":\"https:\\\/\\\/oacpcertificate.ca\\\/constable-selection-process-checklist\\\/\",\"url\":\"https:\\\/\\\/oacpcertificate.ca\\\/constable-selection-process-checklist\\\/\",\"name\":\"Constable Selection Process\\\/Checklist - OACP Certificate Testing\",\"isPartOf\":{\"@id\":\"https:\\\/\\\/oacpcertificate.ca\\\/#website\"},\"datePublished\":\"2019-12-05T23:31:41+00:00\",\"dateModified\":\"2026-04-08T20:36:02+00:00\",\"description\":\"If you are interested in becoming a special constable in the Province of Ontario, OACP Certificate Testing can help you. You may follow our checklist to make sure that your certificate application is completed. If you have questions and inquiries, feel free to reach out to us today.\",\"breadcrumb\":{\"@id\":\"https:\\\/\\\/oacpcertificate.ca\\\/constable-selection-process-checklist\\\/#breadcrumb\"},\"inLanguage\":\"fr-CA\",\"potentialAction\":[{\"@type\":\"ReadAction\",\"target\":[\"https:\\\/\\\/oacpcertificate.ca\\\/constable-selection-process-checklist\\\/\"]}]},{\"@type\":\"BreadcrumbList\",\"@id\":\"https:\\\/\\\/oacpcertificate.ca\\\/constable-selection-process-checklist\\\/#breadcrumb\",\"itemListElement\":[{\"@type\":\"ListItem\",\"position\":1,\"name\":\"Home\",\"item\":\"https:\\\/\\\/oacpcertificate.ca\\\/\"},{\"@type\":\"ListItem\",\"position\":2,\"name\":\"Constable Selection Process\\\/Checklist\"}]},{\"@type\":\"WebSite\",\"@id\":\"https:\\\/\\\/oacpcertificate.ca\\\/#website\",\"url\":\"https:\\\/\\\/oacpcertificate.ca\\\/\",\"name\":\"OACP Certificate Testing\",\"description\":\"Discover Policing\",\"potentialAction\":[{\"@type\":\"SearchAction\",\"target\":{\"@type\":\"EntryPoint\",\"urlTemplate\":\"https:\\\/\\\/oacpcertificate.ca\\\/?s={search_term_string}\"},\"query-input\":{\"@type\":\"PropertyValueSpecification\",\"valueRequired\":true,\"valueName\":\"search_term_string\"}}],\"inLanguage\":\"fr-CA\"}]}<\/script>\n<!-- \/ Yoast SEO plugin. -->","yoast_head_json":{"title":"Constable Selection Process\/Checklist - OACP Certificate Testing","description":"If you are interested in becoming a special constable in the Province of Ontario, OACP Certificate Testing can help you. You may follow our checklist to make sure that your certificate application is completed. If you have questions and inquiries, feel free to reach out to us today.","robots":{"index":"index","follow":"follow","max-snippet":"max-snippet:-1","max-image-preview":"max-image-preview:large","max-video-preview":"max-video-preview:-1"},"canonical":"https:\/\/oacpcertificate.ca\/fr\/constable-selection-process-checklist\/","og_locale":"fr_CA","og_type":"article","og_title":"Constable Selection Process\/Checklist - OACP Certificate Testing","og_description":"If you are interested in becoming a special constable in the Province of Ontario, OACP Certificate Testing can help you. You may follow our checklist to make sure that your certificate application is completed. If you have questions and inquiries, feel free to reach out to us today.","og_url":"https:\/\/oacpcertificate.ca\/fr\/constable-selection-process-checklist\/","og_site_name":"OACP Certificate Testing","article_modified_time":"2026-04-08T20:36:02+00:00","twitter_card":"summary_large_image","twitter_misc":{"Estimation du temps de lecture":"2 minutes"},"schema":{"@context":"https:\/\/schema.org","@graph":[{"@type":"WebPage","@id":"https:\/\/oacpcertificate.ca\/constable-selection-process-checklist\/","url":"https:\/\/oacpcertificate.ca\/constable-selection-process-checklist\/","name":"Constable Selection Process\/Checklist - OACP Certificate Testing","isPartOf":{"@id":"https:\/\/oacpcertificate.ca\/#website"},"datePublished":"2019-12-05T23:31:41+00:00","dateModified":"2026-04-08T20:36:02+00:00","description":"If you are interested in becoming a special constable in the Province of Ontario, OACP Certificate Testing can help you. You may follow our checklist to make sure that your certificate application is completed. If you have questions and inquiries, feel free to reach out to us today.","breadcrumb":{"@id":"https:\/\/oacpcertificate.ca\/constable-selection-process-checklist\/#breadcrumb"},"inLanguage":"fr-CA","potentialAction":[{"@type":"ReadAction","target":["https:\/\/oacpcertificate.ca\/constable-selection-process-checklist\/"]}]},{"@type":"BreadcrumbList","@id":"https:\/\/oacpcertificate.ca\/constable-selection-process-checklist\/#breadcrumb","itemListElement":[{"@type":"ListItem","position":1,"name":"Home","item":"https:\/\/oacpcertificate.ca\/"},{"@type":"ListItem","position":2,"name":"Constable Selection Process\/Checklist"}]},{"@type":"WebSite","@id":"https:\/\/oacpcertificate.ca\/#website","url":"https:\/\/oacpcertificate.ca\/","name":"OACP Certificate Testing","description":"Discover Policing","potentialAction":[{"@type":"SearchAction","target":{"@type":"EntryPoint","urlTemplate":"https:\/\/oacpcertificate.ca\/?s={search_term_string}"},"query-input":{"@type":"PropertyValueSpecification","valueRequired":true,"valueName":"search_term_string"}}],"inLanguage":"fr-CA"}]}},"_links":{"self":[{"href":"https:\/\/oacpcertificate.ca\/fr\/wp-json\/wp\/v2\/pages\/16","targetHints":{"allow":["GET"]}}],"collection":[{"href":"https:\/\/oacpcertificate.ca\/fr\/wp-json\/wp\/v2\/pages"}],"about":[{"href":"https:\/\/oacpcertificate.ca\/fr\/wp-json\/wp\/v2\/types\/page"}],"author":[{"embeddable":true,"href":"https:\/\/oacpcertificate.ca\/fr\/wp-json\/wp\/v2\/users\/13"}],"replies":[{"embeddable":true,"href":"https:\/\/oacpcertificate.ca\/fr\/wp-json\/wp\/v2\/comments?post=16"}],"version-history":[{"count":61,"href":"https:\/\/oacpcertificate.ca\/fr\/wp-json\/wp\/v2\/pages\/16\/revisions"}],"predecessor-version":[{"id":57803,"href":"https:\/\/oacpcertificate.ca\/fr\/wp-json\/wp\/v2\/pages\/16\/revisions\/57803"}],"wp:attachment":[{"href":"https:\/\/oacpcertificate.ca\/fr\/wp-json\/wp\/v2\/media?parent=16"}],"curies":[{"name":"wp","href":"https:\/\/api.w.org\/{rel}","templated":true}]}}