{"id":36,"date":"2019-12-05T23:35:42","date_gmt":"2019-12-05T23:35:42","guid":{"rendered":"https:\/\/oacpcertificate.ca\/shop\/"},"modified":"2025-02-13T16:58:18","modified_gmt":"2025-02-13T16:58:18","slug":"start-your-career-2","status":"publish","type":"page","link":"https:\/\/oacpcertificate.ca\/fr\/start-your-career-2\/","title":{"rendered":"Start your Career"},"content":{"rendered":"<h1>\n\t\tStart Your Career Here\n\t<\/h1>\n\t<p>Below you will find the package where you can obtain your OACP Certificate to commence the pre-screening as a police constable or a special constable. Please ensure you read\u00a0<strong>the entire description<\/strong> outlined in the product. Once you have paid the fee and commenced your pre-screening package, you will receive an email package providing you with instructions on next steps.<\/p>\n<h2>\n\t\tWhere Do I Start?\n\t<\/h2>\n\t<p>The OACP is actively working towards creating different packages to better help our applicants become streamlined in the hiring process. Below we have illustrated each of the two packages which will help you identify which process you should be pursuing.<\/p>\n<h2>\n\t\tOACP Certificate Package \n\t<\/h2>\n\t<p>This entry package is for\u00a0<strong>new<\/strong> applicants only. If you have never participated in the OACP Certificate Process before, you start here.<\/p>\n<h2>\n\t\tOACP Re-Certification Package\n\t<\/h2>\n\t<p>This package is for returning applicants only who have waited the full mandatory 10-month waiting period, regardless if your previous OACP Certificate is valid or expired.<\/p>\n<h2>\n\t\tProctoring Notice\n\t<\/h2>\n\t<p>Your OACP Certificate assessments will be administered in a live-proctored environment online. When you receive an email confirmation, you will receive instructions on how to book your test.\u00a0If you are having technical difficulties with the proctoring service, please contact:\u00a0<u><a href=\"mailto:support@eproctorcanada.com\">support@eproctorcanada.com. <\/a><\/u>For system requirements to conduct proctoring services, please refer to their website by pressing the button to the right.<\/p>\n<h2>\n\t\tTesting Packages\n\t<\/h2>\n<div class=\"woocommerce columns-2\"><ul class=\"products columns-2\">\n<li class=\"product type-product post-131 status-publish first instock product_cat-uncategorized has-post-thumbnail virtual sold-individually taxable purchasable product-type-simple\">\n\t<a href=\"https:\/\/oacpcertificate.ca\/fr\/produit\/oacp-certificate\/\" class=\"woocommerce-LoopProduct-link woocommerce-loop-product__link\"><img decoding=\"async\" width=\"300\" height=\"300\" src=\"https:\/\/oacpcertificate.ca\/wp-content\/uploads\/2019\/12\/OACP-Certificate-Package-300x300.png\"  alt=\"OACP Certificate\" srcset=\"https:\/\/oacpcertificate.ca\/wp-content\/uploads\/2019\/12\/OACP-Certificate-Package-300x300.png 300w, https:\/\/oacpcertificate.ca\/wp-content\/uploads\/2019\/12\/OACP-Certificate-Package-1024x1024.png 1024w, https:\/\/oacpcertificate.ca\/wp-content\/uploads\/2019\/12\/OACP-Certificate-Package-150x150.png 150w, https:\/\/oacpcertificate.ca\/wp-content\/uploads\/2019\/12\/OACP-Certificate-Package-768x768.png 768w, https:\/\/oacpcertificate.ca\/wp-content\/uploads\/2019\/12\/OACP-Certificate-Package-12x12.png 12w, https:\/\/oacpcertificate.ca\/wp-content\/uploads\/2019\/12\/OACP-Certificate-Package-600x600.png 600w, https:\/\/oacpcertificate.ca\/wp-content\/uploads\/2019\/12\/OACP-Certificate-Package-100x100.png 100w, https:\/\/oacpcertificate.ca\/wp-content\/uploads\/2019\/12\/OACP-Certificate-Package-64x64.png 64w, https:\/\/oacpcertificate.ca\/wp-content\/uploads\/2019\/12\/OACP-Certificate-Package.png 1080w\" sizes=\"(max-width: 300px) 100vw, 300px\" class=\"attachment-woocommerce_thumbnail size-woocommerce_thumbnail no-lazyload\" \/><h2 class=\"woocommerce-loop-product__title\">OACP Certificate<\/h2>\n\t<span class=\"price\"><span class=\"woocommerce-Price-amount amount\"><bdi><span class=\"woocommerce-Price-currencySymbol\">&#36;<\/span>250.00<\/bdi><\/span> <small class=\"woocommerce-price-suffix\">Price excluding taxes<\/small><\/span>\n<\/a><a href=\"\/fr\/wp-json\/wp\/v2\/pages\/36?add-to-cart=131\" aria-describedby=\"woocommerce_loop_add_to_cart_link_describedby_131\" data-quantity=\"1\" class=\"button product_type_simple add_to_cart_button ajax_add_to_cart\" data-product_id=\"131\" data-product_sku=\"\" aria-label=\"Ajouter au panier\u00a0: \u201cOACP Certificate\u201d\" rel=\"nofollow\" data-success_message=\"\u00ab\u00a0OACP Certificate\u00a0\u00bb a \u00e9t\u00e9 ajout\u00e9 \u00e0 votre panier\" role=\"button\" data-no-translation=\"\" data-trp-gettext=\"\" data-no-translation-aria-label=\"\" data-no-translation-data-success_message=\"\">Ajouter au panier<\/a>\t<span id=\"woocommerce_loop_add_to_cart_link_describedby_131\" class=\"screen-reader-text\">\n\t\t\t<\/span>\n<\/li>\n<li class=\"product type-product post-10518 status-publish last instock product_cat-uncategorized has-post-thumbnail virtual sold-individually taxable purchasable product-type-simple\">\n\t<a href=\"https:\/\/oacpcertificate.ca\/fr\/produit\/oacp-certificate-re-testing\/\" class=\"woocommerce-LoopProduct-link woocommerce-loop-product__link\"><img decoding=\"async\" width=\"300\" height=\"300\" src=\"https:\/\/oacpcertificate.ca\/wp-content\/uploads\/2020\/12\/OACP-Certificate-Re-Testing-Package-300x300.png\"  alt=\"OACP Certificate Re-Testing Package (For Returning Applicants)\" srcset=\"https:\/\/oacpcertificate.ca\/wp-content\/uploads\/2020\/12\/OACP-Certificate-Re-Testing-Package-300x300.png 300w, https:\/\/oacpcertificate.ca\/wp-content\/uploads\/2020\/12\/OACP-Certificate-Re-Testing-Package-1024x1024.png 1024w, https:\/\/oacpcertificate.ca\/wp-content\/uploads\/2020\/12\/OACP-Certificate-Re-Testing-Package-150x150.png 150w, https:\/\/oacpcertificate.ca\/wp-content\/uploads\/2020\/12\/OACP-Certificate-Re-Testing-Package-768x768.png 768w, https:\/\/oacpcertificate.ca\/wp-content\/uploads\/2020\/12\/OACP-Certificate-Re-Testing-Package-12x12.png 12w, https:\/\/oacpcertificate.ca\/wp-content\/uploads\/2020\/12\/OACP-Certificate-Re-Testing-Package-600x600.png 600w, https:\/\/oacpcertificate.ca\/wp-content\/uploads\/2020\/12\/OACP-Certificate-Re-Testing-Package-100x100.png 100w, https:\/\/oacpcertificate.ca\/wp-content\/uploads\/2020\/12\/OACP-Certificate-Re-Testing-Package-64x64.png 64w, https:\/\/oacpcertificate.ca\/wp-content\/uploads\/2020\/12\/OACP-Certificate-Re-Testing-Package.png 1080w\" sizes=\"(max-width: 300px) 100vw, 300px\" class=\"attachment-woocommerce_thumbnail size-woocommerce_thumbnail no-lazyload\" \/><h2 class=\"woocommerce-loop-product__title\">OACP Certificate Re-Testing Package (For Returning Applicants)<\/h2>\n\t<span class=\"price\"><span class=\"woocommerce-Price-amount amount\"><bdi><span class=\"woocommerce-Price-currencySymbol\">&#36;<\/span>250.00<\/bdi><\/span> <small class=\"woocommerce-price-suffix\">Price excluding taxes<\/small><\/span>\n<\/a><a href=\"\/fr\/wp-json\/wp\/v2\/pages\/36?add-to-cart=10518\" aria-describedby=\"woocommerce_loop_add_to_cart_link_describedby_10518\" data-quantity=\"1\" class=\"button product_type_simple add_to_cart_button ajax_add_to_cart\" data-product_id=\"10518\" data-product_sku=\"\" aria-label=\"Ajouter au panier\u00a0: \u201cOACP Certificate Re-Testing Package (For Returning Applicants)\u201d\" rel=\"nofollow\" data-success_message=\"\u00ab\u00a0OACP Certificate Re-Testing Package (For Returning Applicants)\u00a0\u00bb a \u00e9t\u00e9 ajout\u00e9 \u00e0 votre panier\" role=\"button\" data-no-translation=\"\" data-trp-gettext=\"\" data-no-translation-aria-label=\"\" data-no-translation-data-success_message=\"\">Ajouter au panier<\/a>\t<span id=\"woocommerce_loop_add_to_cart_link_describedby_10518\" class=\"screen-reader-text\">\n\t\t\t<\/span>\n<\/li>\n<\/ul>\n<\/div><h2>\n\t\tQuick Links\n\t<\/h2>\n\t\t\t<button tabindex=\"0\" aria-label=\"Menu\" aria-expanded=\"false\">\n\t\t\t\tMenu\t\t\t<\/button>\n\t<nav aria-label=\"Menu\" itemscope=\"itemscope\" itemtype=\"https:\/\/schema.org\/SiteNavigationElement\">\n\t\t<ul id=\"menu-footer-menu\"><li id=\"menu-item-66\"><a href=\"https:\/\/oacpcertificate.ca\/fr\/\">Home<\/a><\/li><li id=\"menu-item-67\"><a href=\"https:\/\/oacpcertificate.ca\/fr\/becoming-a-police-officer\/\">Becoming a Police Officer<\/a><\/li><li id=\"menu-item-68\"><a href=\"https:\/\/oacpcertificate.ca\/fr\/becoming-a-special-constable\/\">Becoming a Special Constable<\/a><\/li><li id=\"menu-item-45045\"><a href=\"https:\/\/oacpcertificate.ca\/fr\/start-your-career-2\/\" aria-current=\"page\">Start your Career<\/a><\/li><li id=\"menu-item-71\"><a href=\"https:\/\/oacpcertificate.ca\/fr\/constable-selection-process-checklist\/\">Constable Selection System and Forms<\/a><\/li><li id=\"menu-item-17618\"><a href=\"https:\/\/oacpcertificate.ca\/fr\/physical-preparation\/\">Physical Preparation<\/a><\/li><li id=\"menu-item-11645\"><a href=\"https:\/\/oacpcertificate.ca\/fr\/instructional-videos\/\">Instructional Videos<\/a><\/li><li id=\"menu-item-18537\"><a href=\"https:\/\/oacpcertificate.ca\/fr\/oacp-recruitment-blog\/\">OACP Recruitment Blog<\/a><\/li><li id=\"menu-item-70\"><a href=\"https:\/\/oacpcertificate.ca\/fr\/contact-us-accessibility\/\">Contact Us\/Accessibility<\/a><\/li><li id=\"menu-item-72\"><a href=\"https:\/\/oacpcertificate.ca\/fr\/terms-of-service\/\">Terms of Service<\/a><\/li><li id=\"menu-item-6741\"><a href=\"https:\/\/oacpcertificate.ca\/fr\/privacy-policy\/\">Privacy Policy<\/a><\/li><li class='menu-item pp-menu-cart-item'><a href=\"https:\/\/oacpcertificate.ca\/fr\/cart\/\" title=\"View your shopping cart\">1 item<\/a><\/li><\/ul>\n\t\t\t<\/nav>","protected":false},"excerpt":{"rendered":"<p>Start Your Career Here Below you will find the package where you can obtain your OACP Certificate to commence the pre-screening as a police constable or a special constable. Please ensure you read\u00a0the entire description outlined in the product. Once you have paid the fee and commenced your pre-screening package, you will receive an email&hellip;<\/p>","protected":false},"author":13,"featured_media":0,"parent":0,"menu_order":0,"comment_status":"closed","ping_status":"closed","template":"","meta":{"_coblocks_attr":"","_coblocks_dimensions":"","_coblocks_responsive_height":"","_coblocks_accordion_ie_support":"","_monsterinsights_skip_tracking":false,"_monsterinsights_sitenote_active":false,"_monsterinsights_sitenote_note":"","_monsterinsights_sitenote_category":0,"footnotes":""},"class_list":["post-36","page","type-page","status-publish","hentry"],"yoast_head":"<!-- This site is optimized with the Yoast SEO plugin v27.4 - https:\/\/yoast.com\/product\/yoast-seo-wordpress\/ -->\n<title>Start your Career - OACP Certificate Testing<\/title>\n<meta name=\"description\" content=\"Start your career as an officer or special constable by purchasing our testing package at OACP Certificate Testing. In addition, you may access the complete certificate requirements available on our website for your convenience. Feel free to get in touch with us if you would like to learn more.\" \/>\n<meta name=\"robots\" content=\"index, follow, max-snippet:-1, max-image-preview:large, max-video-preview:-1\" \/>\n<link rel=\"canonical\" href=\"https:\/\/oacpcertificate.ca\/fr\/start-your-career-2\/\" \/>\n<meta property=\"og:locale\" content=\"fr_CA\" \/>\n<meta property=\"og:type\" content=\"article\" \/>\n<meta property=\"og:title\" content=\"Start your Career - OACP Certificate Testing\" \/>\n<meta property=\"og:description\" content=\"Start your career as an officer or special constable by purchasing our testing package at OACP Certificate Testing. In addition, you may access the complete certificate requirements available on our website for your convenience. Feel free to get in touch with us if you would like to learn more.\" \/>\n<meta property=\"og:url\" content=\"https:\/\/oacpcertificate.ca\/fr\/start-your-career-2\/\" \/>\n<meta property=\"og:site_name\" content=\"OACP Certificate Testing\" \/>\n<meta property=\"article:modified_time\" content=\"2025-02-13T16:58:18+00:00\" \/>\n<meta name=\"twitter:card\" content=\"summary_large_image\" \/>\n<script type=\"application\/ld+json\" class=\"yoast-schema-graph\">{\"@context\":\"https:\\\/\\\/schema.org\",\"@graph\":[{\"@type\":\"WebPage\",\"@id\":\"https:\\\/\\\/oacpcertificate.ca\\\/start-your-career-2\\\/\",\"url\":\"https:\\\/\\\/oacpcertificate.ca\\\/start-your-career-2\\\/\",\"name\":\"Start your Career - OACP Certificate Testing\",\"isPartOf\":{\"@id\":\"https:\\\/\\\/oacpcertificate.ca\\\/#website\"},\"datePublished\":\"2019-12-05T23:35:42+00:00\",\"dateModified\":\"2025-02-13T16:58:18+00:00\",\"description\":\"Start your career as an officer or special constable by purchasing our testing package at OACP Certificate Testing. In addition, you may access the complete certificate requirements available on our website for your convenience. Feel free to get in touch with us if you would like to learn more.\",\"breadcrumb\":{\"@id\":\"https:\\\/\\\/oacpcertificate.ca\\\/start-your-career-2\\\/#breadcrumb\"},\"inLanguage\":\"fr-CA\",\"potentialAction\":[{\"@type\":\"ReadAction\",\"target\":[\"https:\\\/\\\/oacpcertificate.ca\\\/start-your-career-2\\\/\"]}]},{\"@type\":\"BreadcrumbList\",\"@id\":\"https:\\\/\\\/oacpcertificate.ca\\\/start-your-career-2\\\/#breadcrumb\",\"itemListElement\":[{\"@type\":\"ListItem\",\"position\":1,\"name\":\"Home\",\"item\":\"https:\\\/\\\/oacpcertificate.ca\\\/\"},{\"@type\":\"ListItem\",\"position\":2,\"name\":\"Start your Career\"}]},{\"@type\":\"WebSite\",\"@id\":\"https:\\\/\\\/oacpcertificate.ca\\\/#website\",\"url\":\"https:\\\/\\\/oacpcertificate.ca\\\/\",\"name\":\"OACP Certificate Testing\",\"description\":\"Discover Policing\",\"potentialAction\":[{\"@type\":\"SearchAction\",\"target\":{\"@type\":\"EntryPoint\",\"urlTemplate\":\"https:\\\/\\\/oacpcertificate.ca\\\/?s={search_term_string}\"},\"query-input\":{\"@type\":\"PropertyValueSpecification\",\"valueRequired\":true,\"valueName\":\"search_term_string\"}}],\"inLanguage\":\"fr-CA\"}]}<\/script>\n<!-- \/ Yoast SEO plugin. -->","yoast_head_json":{"title":"Start your Career - OACP Certificate Testing","description":"Start your career as an officer or special constable by purchasing our testing package at OACP Certificate Testing. In addition, you may access the complete certificate requirements available on our website for your convenience. Feel free to get in touch with us if you would like to learn more.","robots":{"index":"index","follow":"follow","max-snippet":"max-snippet:-1","max-image-preview":"max-image-preview:large","max-video-preview":"max-video-preview:-1"},"canonical":"https:\/\/oacpcertificate.ca\/fr\/start-your-career-2\/","og_locale":"fr_CA","og_type":"article","og_title":"Start your Career - OACP Certificate Testing","og_description":"Start your career as an officer or special constable by purchasing our testing package at OACP Certificate Testing. In addition, you may access the complete certificate requirements available on our website for your convenience. Feel free to get in touch with us if you would like to learn more.","og_url":"https:\/\/oacpcertificate.ca\/fr\/start-your-career-2\/","og_site_name":"OACP Certificate Testing","article_modified_time":"2025-02-13T16:58:18+00:00","twitter_card":"summary_large_image","schema":{"@context":"https:\/\/schema.org","@graph":[{"@type":"WebPage","@id":"https:\/\/oacpcertificate.ca\/start-your-career-2\/","url":"https:\/\/oacpcertificate.ca\/start-your-career-2\/","name":"Start your Career - OACP Certificate Testing","isPartOf":{"@id":"https:\/\/oacpcertificate.ca\/#website"},"datePublished":"2019-12-05T23:35:42+00:00","dateModified":"2025-02-13T16:58:18+00:00","description":"Start your career as an officer or special constable by purchasing our testing package at OACP Certificate Testing. In addition, you may access the complete certificate requirements available on our website for your convenience. Feel free to get in touch with us if you would like to learn more.","breadcrumb":{"@id":"https:\/\/oacpcertificate.ca\/start-your-career-2\/#breadcrumb"},"inLanguage":"fr-CA","potentialAction":[{"@type":"ReadAction","target":["https:\/\/oacpcertificate.ca\/start-your-career-2\/"]}]},{"@type":"BreadcrumbList","@id":"https:\/\/oacpcertificate.ca\/start-your-career-2\/#breadcrumb","itemListElement":[{"@type":"ListItem","position":1,"name":"Home","item":"https:\/\/oacpcertificate.ca\/"},{"@type":"ListItem","position":2,"name":"Start your Career"}]},{"@type":"WebSite","@id":"https:\/\/oacpcertificate.ca\/#website","url":"https:\/\/oacpcertificate.ca\/","name":"OACP Certificate Testing","description":"Discover Policing","potentialAction":[{"@type":"SearchAction","target":{"@type":"EntryPoint","urlTemplate":"https:\/\/oacpcertificate.ca\/?s={search_term_string}"},"query-input":{"@type":"PropertyValueSpecification","valueRequired":true,"valueName":"search_term_string"}}],"inLanguage":"fr-CA"}]}},"_links":{"self":[{"href":"https:\/\/oacpcertificate.ca\/fr\/wp-json\/wp\/v2\/pages\/36","targetHints":{"allow":["GET"]}}],"collection":[{"href":"https:\/\/oacpcertificate.ca\/fr\/wp-json\/wp\/v2\/pages"}],"about":[{"href":"https:\/\/oacpcertificate.ca\/fr\/wp-json\/wp\/v2\/types\/page"}],"author":[{"embeddable":true,"href":"https:\/\/oacpcertificate.ca\/fr\/wp-json\/wp\/v2\/users\/13"}],"replies":[{"embeddable":true,"href":"https:\/\/oacpcertificate.ca\/fr\/wp-json\/wp\/v2\/comments?post=36"}],"version-history":[{"count":8,"href":"https:\/\/oacpcertificate.ca\/fr\/wp-json\/wp\/v2\/pages\/36\/revisions"}],"predecessor-version":[{"id":45048,"href":"https:\/\/oacpcertificate.ca\/fr\/wp-json\/wp\/v2\/pages\/36\/revisions\/45048"}],"wp:attachment":[{"href":"https:\/\/oacpcertificate.ca\/fr\/wp-json\/wp\/v2\/media?parent=36"}],"curies":[{"name":"wp","href":"https:\/\/api.w.org\/{rel}","templated":true}]}}